{"id":865,"date":"2013-11-10T11:20:51","date_gmt":"2013-11-10T10:20:51","guid":{"rendered":"http:\/\/www.lipanj.org\/?page_id=865"},"modified":"2013-11-10T11:20:51","modified_gmt":"2013-11-10T10:20:51","slug":"julian-tuwim","status":"publish","type":"page","link":"https:\/\/www.lipanj.org\/?page_id=865","title":{"rendered":"Julian Tuwim"},"content":{"rendered":"<table style=\"width: 100%;\" border=\"0\" cellspacing=\"2\" cellpadding=\"2\">\n<tbody>\n<tr>\n<td style=\"text-align: justify;\">\n<p>S ovom knji\u017eicom susreo sam se za vrijeme studentskih dana. Posudio sam ju u Gradskoj knji\u017enici. Neznam niti danas za\u0161to mi se urezala u pam\u010denje. Ponekad bih se je sjetio. Kada sam ju htio posuditi drugi put vi\u0161e je nije bilo. Nestala. I nakon vi\u0161e od dvadest godina na\u0161ao sam ju u antikvarijatu. O tada stoji me\u0111u mojim knjigama i povremeno ju prelistam. Neznam za\u0161to. Ovo nije moj omiljeni pjesnik, \u0161tovi\u0161e dio pjesama mi je dosadan da ih uop\u0107e nisam mogao pro\u010ditati, ali ipak ne\u0161to me stalno privla\u0107i&#8230;<\/p>\n<p>Vi\u0161e podataka o J.T. mo\u017eete na\u0107i <a title=\"Julian Tuwim\" href=\"http:\/\/en.wikipedia.org\/wiki\/Julian_Tuwim\" target=\"_blank\">ovdje<\/a> i <a href=\"http:\/\/juliantuwim.pl\/\" target=\"_blank\">ovdje<\/a>.<\/p>\n<\/td>\n<\/tr>\n<tr>\n<td><a href=\"http:\/\/www.lipanj.org\/wp-content\/uploads\/2013\/11\/jt-naslovna.jpg\"><img decoding=\"async\" loading=\"lazy\" class=\"size-full wp-image-867 aligncenter\" alt=\"jt-naslovna\" src=\"http:\/\/www.lipanj.org\/wp-content\/uploads\/2013\/11\/jt-naslovna.jpg\" width=\"400\" height=\"565\" srcset=\"https:\/\/www.lipanj.org\/wp-content\/uploads\/2013\/11\/jt-naslovna.jpg 400w, https:\/\/www.lipanj.org\/wp-content\/uploads\/2013\/11\/jt-naslovna-212x300.jpg 212w, https:\/\/www.lipanj.org\/wp-content\/uploads\/2013\/11\/jt-naslovna-106x150.jpg 106w\" sizes=\"(max-width: 400px) 100vw, 400px\" \/><\/a><\/td>\n<\/tr>\n<tr>\n<td>Urednik Male biblioteke je\u00a0 <a title=\"Gustav Krklec\" href=\"http:\/\/hr.wikipedia.org\/wiki\/Gustav_Krklec\" target=\"_blank\">Gustav Krklec<\/a>.<\/td>\n<\/tr>\n<tr>\n<td>\u00a0<a href=\"http:\/\/www.lipanj.org\/wp-content\/uploads\/2013\/11\/jt-naslovna2.jpg\"><img decoding=\"async\" loading=\"lazy\" class=\"size-full wp-image-869 aligncenter\" alt=\"jt-naslovna2\" src=\"http:\/\/www.lipanj.org\/wp-content\/uploads\/2013\/11\/jt-naslovna2.jpg\" width=\"400\" height=\"600\" srcset=\"https:\/\/www.lipanj.org\/wp-content\/uploads\/2013\/11\/jt-naslovna2.jpg 400w, https:\/\/www.lipanj.org\/wp-content\/uploads\/2013\/11\/jt-naslovna2-200x300.jpg 200w, https:\/\/www.lipanj.org\/wp-content\/uploads\/2013\/11\/jt-naslovna2-100x150.jpg 100w\" sizes=\"(max-width: 400px) 100vw, 400px\" \/><\/a><\/td>\n<\/tr>\n<tr>\n<td>Neka davna godina 1950.<\/td>\n<\/tr>\n<tr>\n<td>\u00a0<a href=\"http:\/\/www.lipanj.org\/wp-content\/uploads\/2013\/11\/jt-naslovna3.jpg\"><img decoding=\"async\" loading=\"lazy\" class=\"size-full wp-image-872 aligncenter\" alt=\"jt-naslovna3\" src=\"http:\/\/www.lipanj.org\/wp-content\/uploads\/2013\/11\/jt-naslovna3.jpg\" width=\"400\" height=\"584\" srcset=\"https:\/\/www.lipanj.org\/wp-content\/uploads\/2013\/11\/jt-naslovna3.jpg 400w, https:\/\/www.lipanj.org\/wp-content\/uploads\/2013\/11\/jt-naslovna3-205x300.jpg 205w, https:\/\/www.lipanj.org\/wp-content\/uploads\/2013\/11\/jt-naslovna3-102x150.jpg 102w\" sizes=\"(max-width: 400px) 100vw, 400px\" \/><\/a><\/td>\n<\/tr>\n<tr>\n<td>Prijevod i predgovor napisao je<strong><a title=\"Julije Bene\u0161i\u0107\" href=\"http:\/\/hr.wikipedia.org\/wiki\/Julije_Bene%C5%A1i%C4%87\" target=\"_blank\"> Julije Bene\u0161i\u0107<\/a><\/strong>.<\/td>\n<\/tr>\n<tr>\n<td>\u00a0<a href=\"http:\/\/www.lipanj.org\/wp-content\/uploads\/2013\/11\/jt-predgovor1.jpg\"><img decoding=\"async\" loading=\"lazy\" class=\"size-full wp-image-875 aligncenter\" alt=\"jt-predgovor1\" src=\"http:\/\/www.lipanj.org\/wp-content\/uploads\/2013\/11\/jt-predgovor1.jpg\" width=\"400\" height=\"542\" srcset=\"https:\/\/www.lipanj.org\/wp-content\/uploads\/2013\/11\/jt-predgovor1.jpg 400w, https:\/\/www.lipanj.org\/wp-content\/uploads\/2013\/11\/jt-predgovor1-221x300.jpg 221w, https:\/\/www.lipanj.org\/wp-content\/uploads\/2013\/11\/jt-predgovor1-110x150.jpg 110w\" sizes=\"(max-width: 400px) 100vw, 400px\" \/><\/a><\/td>\n<\/tr>\n<tr>\n<td>\u00a0<a href=\"http:\/\/www.lipanj.org\/wp-content\/uploads\/2013\/11\/jt-predgovor2.jpg\"><img decoding=\"async\" loading=\"lazy\" class=\"size-full wp-image-876 aligncenter\" alt=\"jt-predgovor2\" src=\"http:\/\/www.lipanj.org\/wp-content\/uploads\/2013\/11\/jt-predgovor2.jpg\" width=\"400\" height=\"481\" srcset=\"https:\/\/www.lipanj.org\/wp-content\/uploads\/2013\/11\/jt-predgovor2.jpg 400w, https:\/\/www.lipanj.org\/wp-content\/uploads\/2013\/11\/jt-predgovor2-249x300.jpg 249w, https:\/\/www.lipanj.org\/wp-content\/uploads\/2013\/11\/jt-predgovor2-124x150.jpg 124w\" sizes=\"(max-width: 400px) 100vw, 400px\" \/><\/a><\/td>\n<\/tr>\n<tr>\n<td>\u00a0A evo i nekoliko pjesama&#8230;<\/td>\n<\/tr>\n<tr>\n<td>\u00a0<a href=\"http:\/\/www.lipanj.org\/wp-content\/uploads\/2013\/11\/momenat.jpg\"><img decoding=\"async\" loading=\"lazy\" class=\"size-full wp-image-880 aligncenter\" alt=\"momenat\" src=\"http:\/\/www.lipanj.org\/wp-content\/uploads\/2013\/11\/momenat.jpg\" width=\"400\" height=\"270\" srcset=\"https:\/\/www.lipanj.org\/wp-content\/uploads\/2013\/11\/momenat.jpg 400w, https:\/\/www.lipanj.org\/wp-content\/uploads\/2013\/11\/momenat-300x202.jpg 300w, https:\/\/www.lipanj.org\/wp-content\/uploads\/2013\/11\/momenat-150x101.jpg 150w\" sizes=\"(max-width: 400px) 100vw, 400px\" \/><\/a><\/td>\n<\/tr>\n<tr>\n<td>\u00a0<a href=\"http:\/\/www.lipanj.org\/wp-content\/uploads\/2013\/11\/starci.jpg\"><img decoding=\"async\" loading=\"lazy\" class=\"size-full wp-image-881 aligncenter\" alt=\"starci\" src=\"http:\/\/www.lipanj.org\/wp-content\/uploads\/2013\/11\/starci.jpg\" width=\"400\" height=\"384\" srcset=\"https:\/\/www.lipanj.org\/wp-content\/uploads\/2013\/11\/starci.jpg 400w, https:\/\/www.lipanj.org\/wp-content\/uploads\/2013\/11\/starci-300x288.jpg 300w, https:\/\/www.lipanj.org\/wp-content\/uploads\/2013\/11\/starci-150x144.jpg 150w\" sizes=\"(max-width: 400px) 100vw, 400px\" \/><\/a><\/td>\n<\/tr>\n<tr>\n<td><a href=\"http:\/\/www.lipanj.org\/wp-content\/uploads\/2013\/11\/valcer.jpg\"><img decoding=\"async\" loading=\"lazy\" class=\"size-full wp-image-889 aligncenter\" alt=\"valcer\" src=\"http:\/\/www.lipanj.org\/wp-content\/uploads\/2013\/11\/valcer.jpg\" width=\"400\" height=\"453\" srcset=\"https:\/\/www.lipanj.org\/wp-content\/uploads\/2013\/11\/valcer.jpg 400w, https:\/\/www.lipanj.org\/wp-content\/uploads\/2013\/11\/valcer-264x300.jpg 264w, https:\/\/www.lipanj.org\/wp-content\/uploads\/2013\/11\/valcer-132x150.jpg 132w\" sizes=\"(max-width: 400px) 100vw, 400px\" \/><\/a><\/td>\n<\/tr>\n<tr>\n<td>\u00a0<a href=\"http:\/\/www.lipanj.org\/wp-content\/uploads\/2013\/11\/grbavac.jpg\"><img decoding=\"async\" loading=\"lazy\" class=\"size-full wp-image-882 aligncenter\" alt=\"grbavac\" src=\"http:\/\/www.lipanj.org\/wp-content\/uploads\/2013\/11\/grbavac.jpg\" width=\"400\" height=\"549\" srcset=\"https:\/\/www.lipanj.org\/wp-content\/uploads\/2013\/11\/grbavac.jpg 400w, https:\/\/www.lipanj.org\/wp-content\/uploads\/2013\/11\/grbavac-218x300.jpg 218w, https:\/\/www.lipanj.org\/wp-content\/uploads\/2013\/11\/grbavac-109x150.jpg 109w\" sizes=\"(max-width: 400px) 100vw, 400px\" \/><\/a><\/td>\n<\/tr>\n<tr>\n<td>\u00a0<a href=\"http:\/\/www.lipanj.org\/wp-content\/uploads\/2013\/11\/kod_susjeda.jpg\"><img decoding=\"async\" loading=\"lazy\" class=\"size-full wp-image-885 aligncenter\" alt=\"kod_susjeda\" src=\"http:\/\/www.lipanj.org\/wp-content\/uploads\/2013\/11\/kod_susjeda.jpg\" width=\"400\" height=\"489\" srcset=\"https:\/\/www.lipanj.org\/wp-content\/uploads\/2013\/11\/kod_susjeda.jpg 400w, https:\/\/www.lipanj.org\/wp-content\/uploads\/2013\/11\/kod_susjeda-245x300.jpg 245w, https:\/\/www.lipanj.org\/wp-content\/uploads\/2013\/11\/kod_susjeda-122x150.jpg 122w\" sizes=\"(max-width: 400px) 100vw, 400px\" \/><\/a><\/td>\n<\/tr>\n<tr>\n<td>\u00a0<a href=\"http:\/\/www.lipanj.org\/wp-content\/uploads\/2013\/11\/pogreb.jpg\"><img decoding=\"async\" loading=\"lazy\" class=\"size-full wp-image-886 aligncenter\" alt=\"pogreb\" src=\"http:\/\/www.lipanj.org\/wp-content\/uploads\/2013\/11\/pogreb.jpg\" width=\"400\" height=\"453\" srcset=\"https:\/\/www.lipanj.org\/wp-content\/uploads\/2013\/11\/pogreb.jpg 400w, https:\/\/www.lipanj.org\/wp-content\/uploads\/2013\/11\/pogreb-264x300.jpg 264w, https:\/\/www.lipanj.org\/wp-content\/uploads\/2013\/11\/pogreb-132x150.jpg 132w\" sizes=\"(max-width: 400px) 100vw, 400px\" \/><\/a><\/td>\n<\/tr>\n<tr>\n<td>\u00a0<a href=\"http:\/\/www.lipanj.org\/wp-content\/uploads\/2013\/11\/bijeda.jpg\"><img decoding=\"async\" loading=\"lazy\" class=\"size-full wp-image-887 aligncenter\" alt=\"bijeda\" src=\"http:\/\/www.lipanj.org\/wp-content\/uploads\/2013\/11\/bijeda.jpg\" width=\"398\" height=\"752\" srcset=\"https:\/\/www.lipanj.org\/wp-content\/uploads\/2013\/11\/bijeda.jpg 398w, https:\/\/www.lipanj.org\/wp-content\/uploads\/2013\/11\/bijeda-158x300.jpg 158w, https:\/\/www.lipanj.org\/wp-content\/uploads\/2013\/11\/bijeda-79x150.jpg 79w\" sizes=\"(max-width: 398px) 100vw, 398px\" \/><\/a><\/td>\n<\/tr>\n<tr>\n<td><a href=\"http:\/\/www.lipanj.org\/wp-content\/uploads\/2013\/11\/garderoba.jpg\"><img decoding=\"async\" loading=\"lazy\" class=\"size-full wp-image-891 aligncenter\" alt=\"garderoba\" src=\"http:\/\/www.lipanj.org\/wp-content\/uploads\/2013\/11\/garderoba.jpg\" width=\"349\" height=\"1084\" srcset=\"https:\/\/www.lipanj.org\/wp-content\/uploads\/2013\/11\/garderoba.jpg 349w, https:\/\/www.lipanj.org\/wp-content\/uploads\/2013\/11\/garderoba-48x150.jpg 48w\" sizes=\"(max-width: 349px) 100vw, 349px\" \/><\/a><\/td>\n<\/tr>\n<tr>\n<td>\u00a0<a href=\"http:\/\/www.lipanj.org\/wp-content\/uploads\/2013\/11\/rijeci.jpg\"><img decoding=\"async\" loading=\"lazy\" class=\"size-full wp-image-892 aligncenter\" alt=\"rijeci\" src=\"http:\/\/www.lipanj.org\/wp-content\/uploads\/2013\/11\/rijeci.jpg\" width=\"400\" height=\"508\" srcset=\"https:\/\/www.lipanj.org\/wp-content\/uploads\/2013\/11\/rijeci.jpg 400w, https:\/\/www.lipanj.org\/wp-content\/uploads\/2013\/11\/rijeci-236x300.jpg 236w, https:\/\/www.lipanj.org\/wp-content\/uploads\/2013\/11\/rijeci-118x150.jpg 118w\" sizes=\"(max-width: 400px) 100vw, 400px\" \/><\/a><\/td>\n<\/tr>\n<tr>\n<td>\u00a0<a href=\"http:\/\/www.lipanj.org\/wp-content\/uploads\/2013\/11\/sjavuj.jpg\"><img decoding=\"async\" loading=\"lazy\" class=\"size-full wp-image-895 aligncenter\" alt=\"sjavuj\" src=\"http:\/\/www.lipanj.org\/wp-content\/uploads\/2013\/11\/sjavuj.jpg\" width=\"400\" height=\"424\" srcset=\"https:\/\/www.lipanj.org\/wp-content\/uploads\/2013\/11\/sjavuj.jpg 400w, https:\/\/www.lipanj.org\/wp-content\/uploads\/2013\/11\/sjavuj-283x300.jpg 283w, https:\/\/www.lipanj.org\/wp-content\/uploads\/2013\/11\/sjavuj-141x150.jpg 141w\" sizes=\"(max-width: 400px) 100vw, 400px\" \/><\/a><\/td>\n<\/tr>\n<tr>\n<td>\u00a0<\/td>\n<\/tr>\n<\/tbody>\n<\/table>\n","protected":false},"excerpt":{"rendered":"","protected":false},"author":1,"featured_media":0,"parent":0,"menu_order":0,"comment_status":"closed","ping_status":"closed","template":"","meta":[],"_links":{"self":[{"href":"https:\/\/www.lipanj.org\/index.php?rest_route=\/wp\/v2\/pages\/865"}],"collection":[{"href":"https:\/\/www.lipanj.org\/index.php?rest_route=\/wp\/v2\/pages"}],"about":[{"href":"https:\/\/www.lipanj.org\/index.php?rest_route=\/wp\/v2\/types\/page"}],"author":[{"embeddable":true,"href":"https:\/\/www.lipanj.org\/index.php?rest_route=\/wp\/v2\/users\/1"}],"replies":[{"embeddable":true,"href":"https:\/\/www.lipanj.org\/index.php?rest_route=%2Fwp%2Fv2%2Fcomments&post=865"}],"version-history":[{"count":38,"href":"https:\/\/www.lipanj.org\/index.php?rest_route=\/wp\/v2\/pages\/865\/revisions"}],"predecessor-version":[{"id":866,"href":"https:\/\/www.lipanj.org\/index.php?rest_route=\/wp\/v2\/pages\/865\/revisions\/866"}],"wp:attachment":[{"href":"https:\/\/www.lipanj.org\/index.php?rest_route=%2Fwp%2Fv2%2Fmedia&parent=865"}],"curies":[{"name":"wp","href":"https:\/\/api.w.org\/{rel}","templated":true}]}}